{"id":8,"date":"2024-01-11T03:18:03","date_gmt":"2024-01-11T02:18:03","guid":{"rendered":"https:\/\/tienda-dental.xn--cirujanodentistaedgargonzalezquiones-npd.com\/?page_id=8"},"modified":"2024-12-26T08:33:42","modified_gmt":"2024-12-26T07:33:42","slug":"sobre-mi","status":"publish","type":"page","link":"https:\/\/tienda-dental.xn--cirujanodentistaedgargonzalezquiones-npd.com\/index.php\/sobre-mi\/","title":{"rendered":"Sobre mi"},"content":{"rendered":"\n<p><em><strong>Esta tienda online, realiza ventas por medio de Dropshipping; es decir, promueve la venta de productos por medio de un link con los promotores en las tiendas, recibiendo as\u00ed una comisi\u00f3n por cada venta. No te preocupes, todos los productos en venta est\u00e1n respaldados por cada empresa como Amazon, Aliexpress, Ebay, etc. Al dar clic al producto de tu inter\u00e9s, te enviara al link donde se ejecute la compra y venta del mismo, los vendedores por s\u00ed mismo se encargar\u00e1n de recibir el pago y hacerte llegar el env\u00edo; aqu\u00ed solo nos encargamos de que obtengas la mejor experiencia al elegir y comparar precios al momento de comprar los cepillos de acuerdo a tu necesidad.<\/strong><\/em><\/p>\n\n\n\n<div class=\"wp-block-media-text alignfull is-stacked-on-mobile is-image-fill has-white-background-color has-background\"><figure class=\"wp-block-media-text__media\" style=\"background-image:url(http:\/\/tienda-dental.xn--cirujanodentistaedgargonzalezquiones-npd.com\/wp-content\/uploads\/2024\/01\/istockphoto-1140458982-612x612-1.jpg);background-position:50% 50%\"><img loading=\"lazy\" decoding=\"async\" width=\"612\" height=\"408\" src=\"http:\/\/tienda-dental.xn--cirujanodentistaedgargonzalezquiones-npd.com\/wp-content\/uploads\/2024\/01\/istockphoto-1140458982-612x612-1.jpg\" alt=\"\" class=\"wp-image-557 size-full\" srcset=\"https:\/\/tienda-dental.xn--cirujanodentistaedgargonzalezquiones-npd.com\/wp-content\/uploads\/2024\/01\/istockphoto-1140458982-612x612-1.jpg 612w, https:\/\/tienda-dental.xn--cirujanodentistaedgargonzalezquiones-npd.com\/wp-content\/uploads\/2024\/01\/istockphoto-1140458982-612x612-1-300x200.jpg 300w, https:\/\/tienda-dental.xn--cirujanodentistaedgargonzalezquiones-npd.com\/wp-content\/uploads\/2024\/01\/istockphoto-1140458982-612x612-1-570x380.jpg 570w, https:\/\/tienda-dental.xn--cirujanodentistaedgargonzalezquiones-npd.com\/wp-content\/uploads\/2024\/01\/istockphoto-1140458982-612x612-1-380x254.jpg 380w, https:\/\/tienda-dental.xn--cirujanodentistaedgargonzalezquiones-npd.com\/wp-content\/uploads\/2024\/01\/istockphoto-1140458982-612x612-1-285x190.jpg 285w\" sizes=\"(max-width: 612px) 100vw, 612px\" \/><\/figure><div class=\"wp-block-media-text__content\">\n<div class=\"wp-block-cover is-light\" style=\"min-height:95vh\"><span aria-hidden=\"true\" class=\"wp-block-cover__background has-white-background-color has-background-dim-100 has-background-dim\"><\/span><div class=\"wp-block-cover__inner-container is-layout-flow wp-block-cover-is-layout-flow\">\n<div class=\"wp-block-group has-black-color has-text-color has-link-color wp-elements-032a00b9590ce84121d8a36eac066f5c is-layout-constrained wp-block-group-is-layout-constrained\"><div class=\"wp-block-group__inner-container\"><div class=\"wp-block-image is-style-rounded\">\n<figure class=\"aligncenter size-large is-resized\"><img decoding=\"async\" src=\"https:\/\/edgargonzalezquinones.files.wordpress.com\/2023\/10\/foto-perfil-1.jpg?w=768\" alt=\"\" class=\"wp-image-68\" style=\"width:162px;height:auto\"\/><\/figure><\/div>\n\n<h1 style=\"font-size:3rem;text-decoration:none;text-transform:capitalize;letter-spacing:0px;\" class=\"has-text-align-center wp-block-site-title\">Los mejores cepillos de dientes el\u00e9ctricos Online<\/h1>\n\n\n<p class=\"has-text-align-center\">\u00a1Saludos! Soy Edgar Gonz\u00e1lez Qui\u00f1ones, cirujano dentista. Descubre una gran variedad de cepillos dentales el\u00e9ctricos de alta calidad para una limpieza avanzada y una salud bucal \u00f3ptima. <\/p>\n\n\n\n<ul class=\"wp-block-social-links has-icon-color is-style-logos-only is-content-justification-center is-layout-flex wp-container-core-social-links-layout-1 wp-block-social-links-is-layout-flex\"><li style=\"color: #000000; \" class=\"wp-social-link wp-social-link-instagram has-black-color wp-block-social-link\"><a href=\"https:\/\/instagram.com\/cd._edgar.glez.q?igshid=OGQ5ZDc2ODk2ZA==\" class=\"wp-block-social-link-anchor\"><svg width=\"24\" height=\"24\" viewBox=\"0 0 24 24\" version=\"1.1\" xmlns=\"http:\/\/www.w3.org\/2000\/svg\" aria-hidden=\"true\" focusable=\"false\"><path d=\"M12,4.622c2.403,0,2.688,0.009,3.637,0.052c0.877,0.04,1.354,0.187,1.671,0.31c0.42,0.163,0.72,0.358,1.035,0.673 c0.315,0.315,0.51,0.615,0.673,1.035c0.123,0.317,0.27,0.794,0.31,1.671c0.043,0.949,0.052,1.234,0.052,3.637 s-0.009,2.688-0.052,3.637c-0.04,0.877-0.187,1.354-0.31,1.671c-0.163,0.42-0.358,0.72-0.673,1.035 c-0.315,0.315-0.615,0.51-1.035,0.673c-0.317,0.123-0.794,0.27-1.671,0.31c-0.949,0.043-1.233,0.052-3.637,0.052 s-2.688-0.009-3.637-0.052c-0.877-0.04-1.354-0.187-1.671-0.31c-0.42-0.163-0.72-0.358-1.035-0.673 c-0.315-0.315-0.51-0.615-0.673-1.035c-0.123-0.317-0.27-0.794-0.31-1.671C4.631,14.688,4.622,14.403,4.622,12 s0.009-2.688,0.052-3.637c0.04-0.877,0.187-1.354,0.31-1.671c0.163-0.42,0.358-0.72,0.673-1.035 c0.315-0.315,0.615-0.51,1.035-0.673c0.317-0.123,0.794-0.27,1.671-0.31C9.312,4.631,9.597,4.622,12,4.622 M12,3 C9.556,3,9.249,3.01,8.289,3.054C7.331,3.098,6.677,3.25,6.105,3.472C5.513,3.702,5.011,4.01,4.511,4.511 c-0.5,0.5-0.808,1.002-1.038,1.594C3.25,6.677,3.098,7.331,3.054,8.289C3.01,9.249,3,9.556,3,12c0,2.444,0.01,2.751,0.054,3.711 c0.044,0.958,0.196,1.612,0.418,2.185c0.23,0.592,0.538,1.094,1.038,1.594c0.5,0.5,1.002,0.808,1.594,1.038 c0.572,0.222,1.227,0.375,2.185,0.418C9.249,20.99,9.556,21,12,21s2.751-0.01,3.711-0.054c0.958-0.044,1.612-0.196,2.185-0.418 c0.592-0.23,1.094-0.538,1.594-1.038c0.5-0.5,0.808-1.002,1.038-1.594c0.222-0.572,0.375-1.227,0.418-2.185 C20.99,14.751,21,14.444,21,12s-0.01-2.751-0.054-3.711c-0.044-0.958-0.196-1.612-0.418-2.185c-0.23-0.592-0.538-1.094-1.038-1.594 c-0.5-0.5-1.002-0.808-1.594-1.038c-0.572-0.222-1.227-0.375-2.185-0.418C14.751,3.01,14.444,3,12,3L12,3z M12,7.378 c-2.552,0-4.622,2.069-4.622,4.622S9.448,16.622,12,16.622s4.622-2.069,4.622-4.622S14.552,7.378,12,7.378z M12,15 c-1.657,0-3-1.343-3-3s1.343-3,3-3s3,1.343,3,3S13.657,15,12,15z M16.804,6.116c-0.596,0-1.08,0.484-1.08,1.08 s0.484,1.08,1.08,1.08c0.596,0,1.08-0.484,1.08-1.08S17.401,6.116,16.804,6.116z\"><\/path><\/svg><span class=\"wp-block-social-link-label screen-reader-text\">Instagram<\/span><\/a><\/li>\n\n<li style=\"color: #000000; \" class=\"wp-social-link wp-social-link-tiktok has-black-color wp-block-social-link\"><a href=\"https:\/\/www.tiktok.com\/@tucanalodontologico?_t=8gvDqyDT0s9&#038;_r=1\" class=\"wp-block-social-link-anchor\"><svg width=\"24\" height=\"24\" viewBox=\"0 0 32 32\" version=\"1.1\" xmlns=\"http:\/\/www.w3.org\/2000\/svg\" aria-hidden=\"true\" focusable=\"false\"><path d=\"M16.708 0.027c1.745-0.027 3.48-0.011 5.213-0.027 0.105 2.041 0.839 4.12 2.333 5.563 1.491 1.479 3.6 2.156 5.652 2.385v5.369c-1.923-0.063-3.855-0.463-5.6-1.291-0.76-0.344-1.468-0.787-2.161-1.24-0.009 3.896 0.016 7.787-0.025 11.667-0.104 1.864-0.719 3.719-1.803 5.255-1.744 2.557-4.771 4.224-7.88 4.276-1.907 0.109-3.812-0.411-5.437-1.369-2.693-1.588-4.588-4.495-4.864-7.615-0.032-0.667-0.043-1.333-0.016-1.984 0.24-2.537 1.495-4.964 3.443-6.615 2.208-1.923 5.301-2.839 8.197-2.297 0.027 1.975-0.052 3.948-0.052 5.923-1.323-0.428-2.869-0.308-4.025 0.495-0.844 0.547-1.485 1.385-1.819 2.333-0.276 0.676-0.197 1.427-0.181 2.145 0.317 2.188 2.421 4.027 4.667 3.828 1.489-0.016 2.916-0.88 3.692-2.145 0.251-0.443 0.532-0.896 0.547-1.417 0.131-2.385 0.079-4.76 0.095-7.145 0.011-5.375-0.016-10.735 0.025-16.093z\" \/><\/svg><span class=\"wp-block-social-link-label screen-reader-text\">TikTok<\/span><\/a><\/li>\n\n<li style=\"color: #000000; \" class=\"wp-social-link wp-social-link-youtube has-black-color wp-block-social-link\"><a href=\"https:\/\/www.youtube.com\/channel\/UCa34O_nZzpzyydYn4x92TxA?sub_confirmation=1\" class=\"wp-block-social-link-anchor\"><svg width=\"24\" height=\"24\" viewBox=\"0 0 24 24\" version=\"1.1\" xmlns=\"http:\/\/www.w3.org\/2000\/svg\" aria-hidden=\"true\" focusable=\"false\"><path d=\"M21.8,8.001c0,0-0.195-1.378-0.795-1.985c-0.76-0.797-1.613-0.801-2.004-0.847c-2.799-0.202-6.997-0.202-6.997-0.202 h-0.009c0,0-4.198,0-6.997,0.202C4.608,5.216,3.756,5.22,2.995,6.016C2.395,6.623,2.2,8.001,2.2,8.001S2,9.62,2,11.238v1.517 c0,1.618,0.2,3.237,0.2,3.237s0.195,1.378,0.795,1.985c0.761,0.797,1.76,0.771,2.205,0.855c1.6,0.153,6.8,0.201,6.8,0.201 s4.203-0.006,7.001-0.209c0.391-0.047,1.243-0.051,2.004-0.847c0.6-0.607,0.795-1.985,0.795-1.985s0.2-1.618,0.2-3.237v-1.517 C22,9.62,21.8,8.001,21.8,8.001z M9.935,14.594l-0.001-5.62l5.404,2.82L9.935,14.594z\"><\/path><\/svg><span class=\"wp-block-social-link-label screen-reader-text\">YouTube<\/span><\/a><\/li>\n\n<li style=\"color: #000000; \" class=\"wp-social-link wp-social-link-facebook has-black-color wp-block-social-link\"><a href=\"https:\/\/www.facebook.com\/profile.php?id=100063527292298&#038;mibextid=ZbWKwL\" class=\"wp-block-social-link-anchor\"><svg width=\"24\" height=\"24\" viewBox=\"0 0 24 24\" version=\"1.1\" xmlns=\"http:\/\/www.w3.org\/2000\/svg\" aria-hidden=\"true\" focusable=\"false\"><path d=\"M12 2C6.5 2 2 6.5 2 12c0 5 3.7 9.1 8.4 9.9v-7H7.9V12h2.5V9.8c0-2.5 1.5-3.9 3.8-3.9 1.1 0 2.2.2 2.2.2v2.5h-1.3c-1.2 0-1.6.8-1.6 1.6V12h2.8l-.4 2.9h-2.3v7C18.3 21.1 22 17 22 12c0-5.5-4.5-10-10-10z\"><\/path><\/svg><span class=\"wp-block-social-link-label screen-reader-text\">Facebook<\/span><\/a><\/li><\/ul>\n<\/div><\/div>\n<\/div><\/div>\n<\/div><\/div>\n\n\n\n<script async src=\"https:\/\/pagead2.googlesyndication.com\/pagead\/js\/adsbygoogle.js?client=ca-pub-2412372485020314\"\n     crossorigin=\"anonymous\"><\/script>\n<!-- anuncio cuadrado adsense -->\n<ins class=\"adsbygoogle\"\n     style=\"display:block\"\n     data-ad-client=\"ca-pub-2412372485020314\"\n     data-ad-slot=\"4058328142\"\n     data-ad-format=\"auto\"\n     data-full-width-responsive=\"true\"><\/ins>\n<script>\n     (adsbygoogle = window.adsbygoogle || []).push({});\n<\/script>\n","protected":false},"excerpt":{"rendered":"<p>Esta tienda online, realiza ventas por medio de Dropshipping; es decir, promueve la venta de productos por medio de un link con los promotores en las tiendas, recibiendo as\u00ed una comisi\u00f3n por cada venta. No te preocupes, todos los productos en venta est\u00e1n respaldados por cada empresa como Amazon, Aliexpress, Ebay, etc. Al dar clic<span class=\"post-excerpt-end\">&hellip;<\/span><\/p>\n<p class=\"more-link\"><a href=\"https:\/\/tienda-dental.xn--cirujanodentistaedgargonzalezquiones-npd.com\/index.php\/sobre-mi\/\" class=\"themebutton\">Read More<\/a><\/p>\n","protected":false},"author":1,"featured_media":0,"parent":0,"menu_order":0,"comment_status":"closed","ping_status":"closed","template":"","meta":{"footnotes":""},"yoast_head":"<!-- This site is optimized with the Yoast SEO plugin v23.5 - https:\/\/yoast.com\/wordpress\/plugins\/seo\/ -->\n<title>Sobre mi Los mejores cepillos de dientes el\u00e9ctricos Online<\/title>\n<meta name=\"robots\" content=\"noindex, follow\" \/>\n<meta property=\"og:locale\" content=\"en_US\" \/>\n<meta property=\"og:type\" content=\"article\" \/>\n<meta property=\"og:title\" content=\"Sobre mi Los mejores cepillos de dientes el\u00e9ctricos Online\" \/>\n<meta property=\"og:description\" content=\"Esta tienda online, realiza ventas por medio de Dropshipping; es decir, promueve la venta de productos por medio de un link con los promotores en las tiendas, recibiendo as\u00ed una comisi\u00f3n por cada venta. No te preocupes, todos los productos en venta est\u00e1n respaldados por cada empresa como Amazon, Aliexpress, Ebay, etc. Al dar clic&hellip;Read More\" \/>\n<meta property=\"og:url\" content=\"https:\/\/tienda-dental.xn--cirujanodentistaedgargonzalezquiones-npd.com\/index.php\/sobre-mi\/\" \/>\n<meta property=\"og:site_name\" content=\"Los mejores cepillos de dientes el\u00e9ctricos Online\" \/>\n<meta property=\"article:modified_time\" content=\"2024-12-26T07:33:42+00:00\" \/>\n<meta property=\"og:image\" content=\"http:\/\/tienda-dental.xn--cirujanodentistaedgargonzalezquiones-npd.com\/wp-content\/uploads\/2024\/01\/istockphoto-1140458982-612x612-1.jpg\" \/>\n<meta name=\"twitter:card\" content=\"summary_large_image\" \/>\n<meta name=\"twitter:label1\" content=\"Est. reading time\" \/>\n\t<meta name=\"twitter:data1\" content=\"2 minutes\" \/>\n<script type=\"application\/ld+json\" class=\"yoast-schema-graph\">{\"@context\":\"https:\/\/schema.org\",\"@graph\":[{\"@type\":\"WebPage\",\"@id\":\"https:\/\/tienda-dental.xn--cirujanodentistaedgargonzalezquiones-npd.com\/index.php\/sobre-mi\/\",\"url\":\"https:\/\/tienda-dental.xn--cirujanodentistaedgargonzalezquiones-npd.com\/index.php\/sobre-mi\/\",\"name\":\"Sobre mi Los mejores cepillos de dientes el\u00e9ctricos Online\",\"isPartOf\":{\"@id\":\"https:\/\/tienda-dental.xn--cirujanodentistaedgargonzalezquiones-npd.com\/#website\"},\"primaryImageOfPage\":{\"@id\":\"https:\/\/tienda-dental.xn--cirujanodentistaedgargonzalezquiones-npd.com\/index.php\/sobre-mi\/#primaryimage\"},\"image\":{\"@id\":\"https:\/\/tienda-dental.xn--cirujanodentistaedgargonzalezquiones-npd.com\/index.php\/sobre-mi\/#primaryimage\"},\"thumbnailUrl\":\"http:\/\/tienda-dental.xn--cirujanodentistaedgargonzalezquiones-npd.com\/wp-content\/uploads\/2024\/01\/istockphoto-1140458982-612x612-1.jpg\",\"datePublished\":\"2024-01-11T02:18:03+00:00\",\"dateModified\":\"2024-12-26T07:33:42+00:00\",\"breadcrumb\":{\"@id\":\"https:\/\/tienda-dental.xn--cirujanodentistaedgargonzalezquiones-npd.com\/index.php\/sobre-mi\/#breadcrumb\"},\"inLanguage\":\"en-US\",\"potentialAction\":[{\"@type\":\"ReadAction\",\"target\":[\"https:\/\/tienda-dental.xn--cirujanodentistaedgargonzalezquiones-npd.com\/index.php\/sobre-mi\/\"]}]},{\"@type\":\"ImageObject\",\"inLanguage\":\"en-US\",\"@id\":\"https:\/\/tienda-dental.xn--cirujanodentistaedgargonzalezquiones-npd.com\/index.php\/sobre-mi\/#primaryimage\",\"url\":\"https:\/\/tienda-dental.xn--cirujanodentistaedgargonzalezquiones-npd.com\/wp-content\/uploads\/2024\/01\/istockphoto-1140458982-612x612-1.jpg\",\"contentUrl\":\"https:\/\/tienda-dental.xn--cirujanodentistaedgargonzalezquiones-npd.com\/wp-content\/uploads\/2024\/01\/istockphoto-1140458982-612x612-1.jpg\",\"width\":612,\"height\":408,\"caption\":\"Closeup of electric toothbrush in woman's hand on white background with space for copy\"},{\"@type\":\"BreadcrumbList\",\"@id\":\"https:\/\/tienda-dental.xn--cirujanodentistaedgargonzalezquiones-npd.com\/index.php\/sobre-mi\/#breadcrumb\",\"itemListElement\":[{\"@type\":\"ListItem\",\"position\":1,\"name\":\"Portada\",\"item\":\"https:\/\/tienda-dental.xn--cirujanodentistaedgargonzalezquiones-npd.com\/\"},{\"@type\":\"ListItem\",\"position\":2,\"name\":\"Sobre mi\"}]},{\"@type\":\"WebSite\",\"@id\":\"https:\/\/tienda-dental.xn--cirujanodentistaedgargonzalezquiones-npd.com\/#website\",\"url\":\"https:\/\/tienda-dental.xn--cirujanodentistaedgargonzalezquiones-npd.com\/\",\"name\":\"Los mejores cepillos de dientes el\u00e9ctricos Online\",\"description\":\"\u00bfBuscas cepillos de cerdas suaves, medios o firmes? \u00bfO tal vez est\u00e1s interesado en opciones ecoamigables? Nuestra selecci\u00f3n abarca una variedad de necesidades y preferencias. Adem\u00e1s, te ofrecemos enlaces directos a las mejores ofertas y tiendas online confiables para que puedas realizar tu compra de manera r\u00e1pida y segura\",\"publisher\":{\"@id\":\"https:\/\/tienda-dental.xn--cirujanodentistaedgargonzalezquiones-npd.com\/#\/schema\/person\/2183c152491fed1ff8acc62e11400a7a\"},\"alternateName\":\"Deposito Dental\",\"potentialAction\":[{\"@type\":\"SearchAction\",\"target\":{\"@type\":\"EntryPoint\",\"urlTemplate\":\"https:\/\/tienda-dental.xn--cirujanodentistaedgargonzalezquiones-npd.com\/?s={search_term_string}\"},\"query-input\":{\"@type\":\"PropertyValueSpecification\",\"valueRequired\":true,\"valueName\":\"search_term_string\"}}],\"inLanguage\":\"en-US\"},{\"@type\":[\"Person\",\"Organization\"],\"@id\":\"https:\/\/tienda-dental.xn--cirujanodentistaedgargonzalezquiones-npd.com\/#\/schema\/person\/2183c152491fed1ff8acc62e11400a7a\",\"name\":\"edgarqonqui\",\"image\":{\"@type\":\"ImageObject\",\"inLanguage\":\"en-US\",\"@id\":\"https:\/\/tienda-dental.xn--cirujanodentistaedgargonzalezquiones-npd.com\/#\/schema\/person\/image\/\",\"url\":\"https:\/\/tienda-dental.xn--cirujanodentistaedgargonzalezquiones-npd.com\/wp-content\/uploads\/2024\/01\/cropped-77816593-cepillo-de-dientes-electrico-de-dibujos-animados-de-silueta-azul-sombreado-para-ilustracion-de-vector-de-.jpg\",\"contentUrl\":\"https:\/\/tienda-dental.xn--cirujanodentistaedgargonzalezquiones-npd.com\/wp-content\/uploads\/2024\/01\/cropped-77816593-cepillo-de-dientes-electrico-de-dibujos-animados-de-silueta-azul-sombreado-para-ilustracion-de-vector-de-.jpg\",\"width\":1300,\"height\":685,\"caption\":\"edgarqonqui\"},\"logo\":{\"@id\":\"https:\/\/tienda-dental.xn--cirujanodentistaedgargonzalezquiones-npd.com\/#\/schema\/person\/image\/\"},\"sameAs\":[\"http:\/\/tienda-dental.xn--cirujanodentistaedgargonzalezquiones-npd.com\"]}]}<\/script>\n<!-- \/ Yoast SEO plugin. -->","yoast_head_json":{"title":"Sobre mi Los mejores cepillos de dientes el\u00e9ctricos Online","robots":{"index":"noindex","follow":"follow"},"og_locale":"en_US","og_type":"article","og_title":"Sobre mi Los mejores cepillos de dientes el\u00e9ctricos Online","og_description":"Esta tienda online, realiza ventas por medio de Dropshipping; es decir, promueve la venta de productos por medio de un link con los promotores en las tiendas, recibiendo as\u00ed una comisi\u00f3n por cada venta. No te preocupes, todos los productos en venta est\u00e1n respaldados por cada empresa como Amazon, Aliexpress, Ebay, etc. Al dar clic&hellip;Read More","og_url":"https:\/\/tienda-dental.xn--cirujanodentistaedgargonzalezquiones-npd.com\/index.php\/sobre-mi\/","og_site_name":"Los mejores cepillos de dientes el\u00e9ctricos Online","article_modified_time":"2024-12-26T07:33:42+00:00","og_image":[{"url":"http:\/\/tienda-dental.xn--cirujanodentistaedgargonzalezquiones-npd.com\/wp-content\/uploads\/2024\/01\/istockphoto-1140458982-612x612-1.jpg"}],"twitter_card":"summary_large_image","twitter_misc":{"Est. reading time":"2 minutes"},"schema":{"@context":"https:\/\/schema.org","@graph":[{"@type":"WebPage","@id":"https:\/\/tienda-dental.xn--cirujanodentistaedgargonzalezquiones-npd.com\/index.php\/sobre-mi\/","url":"https:\/\/tienda-dental.xn--cirujanodentistaedgargonzalezquiones-npd.com\/index.php\/sobre-mi\/","name":"Sobre mi Los mejores cepillos de dientes el\u00e9ctricos Online","isPartOf":{"@id":"https:\/\/tienda-dental.xn--cirujanodentistaedgargonzalezquiones-npd.com\/#website"},"primaryImageOfPage":{"@id":"https:\/\/tienda-dental.xn--cirujanodentistaedgargonzalezquiones-npd.com\/index.php\/sobre-mi\/#primaryimage"},"image":{"@id":"https:\/\/tienda-dental.xn--cirujanodentistaedgargonzalezquiones-npd.com\/index.php\/sobre-mi\/#primaryimage"},"thumbnailUrl":"http:\/\/tienda-dental.xn--cirujanodentistaedgargonzalezquiones-npd.com\/wp-content\/uploads\/2024\/01\/istockphoto-1140458982-612x612-1.jpg","datePublished":"2024-01-11T02:18:03+00:00","dateModified":"2024-12-26T07:33:42+00:00","breadcrumb":{"@id":"https:\/\/tienda-dental.xn--cirujanodentistaedgargonzalezquiones-npd.com\/index.php\/sobre-mi\/#breadcrumb"},"inLanguage":"en-US","potentialAction":[{"@type":"ReadAction","target":["https:\/\/tienda-dental.xn--cirujanodentistaedgargonzalezquiones-npd.com\/index.php\/sobre-mi\/"]}]},{"@type":"ImageObject","inLanguage":"en-US","@id":"https:\/\/tienda-dental.xn--cirujanodentistaedgargonzalezquiones-npd.com\/index.php\/sobre-mi\/#primaryimage","url":"https:\/\/tienda-dental.xn--cirujanodentistaedgargonzalezquiones-npd.com\/wp-content\/uploads\/2024\/01\/istockphoto-1140458982-612x612-1.jpg","contentUrl":"https:\/\/tienda-dental.xn--cirujanodentistaedgargonzalezquiones-npd.com\/wp-content\/uploads\/2024\/01\/istockphoto-1140458982-612x612-1.jpg","width":612,"height":408,"caption":"Closeup of electric toothbrush in woman's hand on white background with space for copy"},{"@type":"BreadcrumbList","@id":"https:\/\/tienda-dental.xn--cirujanodentistaedgargonzalezquiones-npd.com\/index.php\/sobre-mi\/#breadcrumb","itemListElement":[{"@type":"ListItem","position":1,"name":"Portada","item":"https:\/\/tienda-dental.xn--cirujanodentistaedgargonzalezquiones-npd.com\/"},{"@type":"ListItem","position":2,"name":"Sobre mi"}]},{"@type":"WebSite","@id":"https:\/\/tienda-dental.xn--cirujanodentistaedgargonzalezquiones-npd.com\/#website","url":"https:\/\/tienda-dental.xn--cirujanodentistaedgargonzalezquiones-npd.com\/","name":"Los mejores cepillos de dientes el\u00e9ctricos Online","description":"\u00bfBuscas cepillos de cerdas suaves, medios o firmes? \u00bfO tal vez est\u00e1s interesado en opciones ecoamigables? Nuestra selecci\u00f3n abarca una variedad de necesidades y preferencias. Adem\u00e1s, te ofrecemos enlaces directos a las mejores ofertas y tiendas online confiables para que puedas realizar tu compra de manera r\u00e1pida y segura","publisher":{"@id":"https:\/\/tienda-dental.xn--cirujanodentistaedgargonzalezquiones-npd.com\/#\/schema\/person\/2183c152491fed1ff8acc62e11400a7a"},"alternateName":"Deposito Dental","potentialAction":[{"@type":"SearchAction","target":{"@type":"EntryPoint","urlTemplate":"https:\/\/tienda-dental.xn--cirujanodentistaedgargonzalezquiones-npd.com\/?s={search_term_string}"},"query-input":{"@type":"PropertyValueSpecification","valueRequired":true,"valueName":"search_term_string"}}],"inLanguage":"en-US"},{"@type":["Person","Organization"],"@id":"https:\/\/tienda-dental.xn--cirujanodentistaedgargonzalezquiones-npd.com\/#\/schema\/person\/2183c152491fed1ff8acc62e11400a7a","name":"edgarqonqui","image":{"@type":"ImageObject","inLanguage":"en-US","@id":"https:\/\/tienda-dental.xn--cirujanodentistaedgargonzalezquiones-npd.com\/#\/schema\/person\/image\/","url":"https:\/\/tienda-dental.xn--cirujanodentistaedgargonzalezquiones-npd.com\/wp-content\/uploads\/2024\/01\/cropped-77816593-cepillo-de-dientes-electrico-de-dibujos-animados-de-silueta-azul-sombreado-para-ilustracion-de-vector-de-.jpg","contentUrl":"https:\/\/tienda-dental.xn--cirujanodentistaedgargonzalezquiones-npd.com\/wp-content\/uploads\/2024\/01\/cropped-77816593-cepillo-de-dientes-electrico-de-dibujos-animados-de-silueta-azul-sombreado-para-ilustracion-de-vector-de-.jpg","width":1300,"height":685,"caption":"edgarqonqui"},"logo":{"@id":"https:\/\/tienda-dental.xn--cirujanodentistaedgargonzalezquiones-npd.com\/#\/schema\/person\/image\/"},"sameAs":["http:\/\/tienda-dental.xn--cirujanodentistaedgargonzalezquiones-npd.com"]}]}},"jetpack_sharing_enabled":true,"_links":{"self":[{"href":"https:\/\/tienda-dental.xn--cirujanodentistaedgargonzalezquiones-npd.com\/index.php\/wp-json\/wp\/v2\/pages\/8"}],"collection":[{"href":"https:\/\/tienda-dental.xn--cirujanodentistaedgargonzalezquiones-npd.com\/index.php\/wp-json\/wp\/v2\/pages"}],"about":[{"href":"https:\/\/tienda-dental.xn--cirujanodentistaedgargonzalezquiones-npd.com\/index.php\/wp-json\/wp\/v2\/types\/page"}],"author":[{"embeddable":true,"href":"https:\/\/tienda-dental.xn--cirujanodentistaedgargonzalezquiones-npd.com\/index.php\/wp-json\/wp\/v2\/users\/1"}],"replies":[{"embeddable":true,"href":"https:\/\/tienda-dental.xn--cirujanodentistaedgargonzalezquiones-npd.com\/index.php\/wp-json\/wp\/v2\/comments?post=8"}],"version-history":[{"count":7,"href":"https:\/\/tienda-dental.xn--cirujanodentistaedgargonzalezquiones-npd.com\/index.php\/wp-json\/wp\/v2\/pages\/8\/revisions"}],"predecessor-version":[{"id":1057,"href":"https:\/\/tienda-dental.xn--cirujanodentistaedgargonzalezquiones-npd.com\/index.php\/wp-json\/wp\/v2\/pages\/8\/revisions\/1057"}],"wp:attachment":[{"href":"https:\/\/tienda-dental.xn--cirujanodentistaedgargonzalezquiones-npd.com\/index.php\/wp-json\/wp\/v2\/media?parent=8"}],"curies":[{"name":"wp","href":"https:\/\/api.w.org\/{rel}","templated":true}]}}